{"id":921,"date":"2023-11-21T06:53:37","date_gmt":"2023-11-21T06:53:37","guid":{"rendered":"https:\/\/reprocenter.kz\/?page_id=921"},"modified":"2025-05-26T07:17:15","modified_gmt":"2025-05-26T07:17:15","slug":"elementor-921","status":"publish","type":"page","link":"https:\/\/reprocenter.kz\/?page_id=921","title":{"rendered":"\u041a\u043e\u043c\u043f\u0435\u043d\u0441\u0430\u0446\u0438\u044f \u0440\u0430\u0441\u0442\u0438\u0441\u043a\u0438\u0432\u0430\u043d\u0438\u044f"},"content":{"rendered":"\t\t<div data-elementor-type=\"wp-page\" data-elementor-id=\"921\" class=\"elementor elementor-921\">\n\t\t\t\t\t\t<section class=\"elementor-section elementor-top-section elementor-element elementor-element-58f3ef4b elementor-section-full_width elementor-section-stretched elementor-section-height-min-height elementor-section-height-default elementor-section-items-middle\" data-id=\"58f3ef4b\" data-element_type=\"section\" data-settings=\"{&quot;stretch_section&quot;:&quot;section-stretched&quot;,&quot;background_background&quot;:&quot;classic&quot;}\">\n\t\t\t\t\t\t\t<div class=\"elementor-background-overlay\"><\/div>\n\t\t\t\t\t\t\t<div class=\"elementor-container elementor-column-gap-default\">\n\t\t\t\t\t<div class=\"elementor-column elementor-col-100 elementor-top-column elementor-element elementor-element-143cdf08\" data-id=\"143cdf08\" data-element_type=\"column\">\n\t\t\t<div class=\"elementor-widget-wrap elementor-element-populated\">\n\t\t\t\t\t\t<section class=\"elementor-section elementor-inner-section elementor-element elementor-element-7c8d50e0 elementor-section-boxed elementor-section-height-default elementor-section-height-default\" data-id=\"7c8d50e0\" data-element_type=\"section\">\n\t\t\t\t\t\t<div class=\"elementor-container elementor-column-gap-default\">\n\t\t\t\t\t<div class=\"elementor-column elementor-col-50 elementor-inner-column elementor-element elementor-element-5fbb4b07\" data-id=\"5fbb4b07\" data-element_type=\"column\">\n\t\t\t<div class=\"elementor-widget-wrap elementor-element-populated\">\n\t\t\t\t\t\t<div class=\"elementor-element elementor-element-57569ed4 elementor-widget elementor-widget-heading\" data-id=\"57569ed4\" data-element_type=\"widget\" data-widget_type=\"heading.default\">\n\t\t\t\t<div class=\"elementor-widget-container\">\n\t\t\t\t\t<h1 class=\"elementor-heading-title elementor-size-default\">\u041f\u0440\u0435\u0434\u043e\u0441\u0442\u0430\u0432\u043b\u044f\u0435\u043c \u0443\u0441\u043b\u0443\u0433\u0438 \u0432\u044b\u0432\u043e\u0434\u0430 \u0442\u0435\u0440\u043c\u0430\u043b\u044c\u043d\u044b\u0445 \u0421\u0422\u0420  \u043f\u043b\u0430\u0441\u0442\u0438\u043d \u0432 \u0410\u043b\u043c\u0430\u0442\u044b<\/h1>\t\t\t\t<\/div>\n\t\t\t\t<\/div>\n\t\t\t\t\t<\/div>\n\t\t<\/div>\n\t\t\t\t<div class=\"elementor-column elementor-col-50 elementor-inner-column elementor-element elementor-element-1ca7dd3d\" data-id=\"1ca7dd3d\" data-element_type=\"column\">\n\t\t\t<div class=\"elementor-widget-wrap\">\n\t\t\t\t\t\t\t<\/div>\n\t\t<\/div>\n\t\t\t\t\t<\/div>\n\t\t<\/section>\n\t\t\t\t\t<\/div>\n\t\t<\/div>\n\t\t\t\t\t<\/div>\n\t\t<\/section>\n\t\t\t\t<section class=\"elementor-section elementor-top-section elementor-element elementor-element-4a1d53c7 elementor-section-boxed elementor-section-height-default elementor-section-height-default\" data-id=\"4a1d53c7\" data-element_type=\"section\" data-settings=\"{&quot;background_background&quot;:&quot;gradient&quot;}\">\n\t\t\t\t\t\t<div class=\"elementor-container elementor-column-gap-default\">\n\t\t\t\t\t<div class=\"elementor-column elementor-col-100 elementor-top-column elementor-element elementor-element-6212d6ff\" data-id=\"6212d6ff\" data-element_type=\"column\">\n\t\t\t<div class=\"elementor-widget-wrap elementor-element-populated\">\n\t\t\t\t\t\t<div class=\"elementor-element elementor-element-5571a664 elementor-widget elementor-widget-heading\" data-id=\"5571a664\" data-element_type=\"widget\" data-widget_type=\"heading.default\">\n\t\t\t\t<div class=\"elementor-widget-container\">\n\t\t\t\t\t<h2 class=\"elementor-heading-title elementor-size-default\">\u0412\u044b\u0432\u043e\u0434 \u043f\u043b\u0435\u043d\u043a\u0430 Agfa \u043e\u0442 \u04104 \u0434\u043e B2<\/h2>\t\t\t\t<\/div>\n\t\t\t\t<\/div>\n\t\t\t\t\t<\/div>\n\t\t<\/div>\n\t\t\t\t\t<\/div>\n\t\t<\/section>\n\t\t\t\t<section class=\"elementor-section elementor-top-section elementor-element elementor-element-e379f17 elementor-section-boxed elementor-section-height-default elementor-section-height-default\" data-id=\"e379f17\" data-element_type=\"section\">\n\t\t\t\t\t\t<div class=\"elementor-container elementor-column-gap-default\">\n\t\t\t\t\t<div class=\"elementor-column elementor-col-100 elementor-top-column elementor-element elementor-element-88ba80e\" data-id=\"88ba80e\" data-element_type=\"column\">\n\t\t\t<div class=\"elementor-widget-wrap elementor-element-populated\">\n\t\t\t\t\t\t<div class=\"elementor-element elementor-element-021bc0b elementor-widget__width-initial elementor-widget elementor-widget-text-editor\" data-id=\"021bc0b\" data-element_type=\"widget\" data-widget_type=\"text-editor.default\">\n\t\t\t\t<div class=\"elementor-widget-container\">\n\t\t\t\t\t\t\t\t\t<p style=\"text-align: left;\"><img fetchpriority=\"high\" decoding=\"async\" class=\"wp-image-544 alignleft\" src=\"https:\/\/reprocenter.kz\/wp-content\/uploads\/2023\/10\/\u041a\u0440\u0438\u0432\u0430\u044f-\u043a\u043e\u043c\u043f\u0435\u043d\u0441\u0430\u0446\u0438\u0438-300x235.jpg\" alt=\"\" width=\"311\" height=\"243\" \/>\u041a\u043e\u043c\u043f\u0435\u043d\u0441\u0430\u0446\u0438\u044f \u0440\u0430\u0441\u0442\u0438\u0441\u043a\u0438\u0432\u0430\u043d\u0438\u044f<\/p><p>\u0412\u043e\u043f\u0440\u043e\u0441 \u0440\u0430\u0441\u0442\u0438\u0441\u043a\u0438\u0432\u0430\u043d\u0438\u044f \u0432\u0441\u0435\u0433\u0434\u0430 \u0432\u043e\u043b\u043d\u0443\u0435\u0442 \u043b\u044e\u0431\u0443\u044e \u0442\u0438\u043f\u043e\u0433\u0440\u0430\u0444\u0438\u044e, \u0447\u0430\u0441\u0442\u043e \u043a\u043b\u0438\u0435\u043d\u0442\u044b \u0442\u0438\u043f\u043e\u0433\u0440\u0430\u0444\u0438\u0438 \u0445\u043e\u0442\u044f\u0442 \u043f\u043e\u043b\u0443\u0447\u0438\u0442\u044c \u0442\u0443 \u043a\u0430\u0440\u0442\u0438\u043d\u043a\u0443, \u043a\u043e\u0442\u043e\u0440\u0443\u044e \u0432\u0438\u0434\u044f\u0442 \u043d\u0430 \u044d\u043a\u0440\u0430\u043d\u0435 \u043c\u043e\u043d\u0438\u0442\u043e\u0440\u0430.<\/p><p>\u0420\u0430\u043d\u044c\u0448\u0435 \u043f\u0435\u0440\u0432\u043e\u0435 \u0438\u0441\u043a\u0430\u0436\u0435\u043d\u0438\u0435 \u0440\u0430\u0437\u043c\u0435\u0440\u0430 \u0440\u0430\u0441\u0442\u0440\u043e\u0432\u043e\u0439 \u0442\u043e\u0447\u043a\u0438 \u0432\u043e\u0437\u043d\u0438\u043a\u0430\u043b\u043e \u043f\u0440\u0438 \u0437\u0430\u0441\u0432\u0435\u0442\u043a\u0435 \u043f\u043b\u0451\u043d\u043e\u043a, \u0440\u0430\u0437\u043c\u0435\u0449\u0435\u043d\u043d\u044b\u0445 \u043d\u0430 \u043f\u043b\u0430\u0441\u0442\u0438\u043d\u0435. \u0422\u0430\u043a \u043a\u0430\u043a \u043f\u0440\u043e\u0438\u0441\u0445\u043e\u0434\u0438\u0442 \u043f\u043e\u0434\u0441\u0432\u0435\u0447\u0438\u0432\u0430\u043d\u0438\u0435 \u043a\u0440\u0430\u0451\u0432 \u0438\u0437\u043e\u0431\u0440\u0430\u0436\u0435\u043d\u0438\u044f, \u0447\u0442\u043e \u043f\u0440\u0438 \u043f\u043e\u0437\u0438\u0442\u0438\u0432\u043d\u044b\u0445 \u043f\u043b\u0430\u0441\u0442\u0438\u043d\u0430\u0445 \u0432\u0435\u0434\u0451\u0442 \u043a \u0443\u043c\u0435\u043d\u044c\u0448\u0435\u043d\u0438\u044e \u0440\u0430\u0437\u043c\u0435\u0440\u0430 \u043f\u0435\u0447\u0430\u0442\u043d\u044b\u0445 \u044d\u043b\u0435\u043c\u0435\u043d\u0442\u043e\u0432. 1% \u0440\u0430\u0441\u0442\u0440\u0430 \u0443\u0436\u0435 \u043d\u0435 \u0431\u044b\u043b\u043e \u043d\u0430 \u0444\u043e\u0440\u043c\u0435.<\/p><p>\u041f\u0440\u043e\u0431\u043b\u0435\u043c\u044b \u044d\u0442\u0438 \u0443\u0448\u043b\u0438 \u043f\u0440\u0438 \u043f\u0440\u0438\u043c\u0435\u043d\u0435\u043d\u0438\u0435 \u0442\u0435\u0445\u043d\u043e\u043b\u043e\u0433\u0438\u0438 Computer-to-Plate. CTP \u043f\u043e\u0437\u0432\u043e\u043b\u044f\u0435\u0442 \u0444\u043e\u0440\u043c\u0438\u0440\u043e\u0432\u0430\u0442\u044c \u0438\u0437\u043e\u0431\u0440\u0430\u0436\u0435\u043d\u0438\u0435 \u043d\u0435\u043f\u043e\u0441\u0440\u0435\u0434\u0441\u0442\u0432\u0435\u043d\u043d\u043e \u043d\u0430 \u0444\u043e\u0440\u043c\u043d\u043e\u0439 \u043f\u043b\u0430\u0441\u0442\u0438\u043d\u0435. \u0418 \u0432\u043e\u0441\u043f\u0440\u043e\u0438\u0432\u043e\u0434\u0438\u044c \u0434\u0430\u0436\u0435 \u0441\u0430\u043c\u044b\u0435 \u043c\u0435\u043b\u043a\u0438\u0435 \u044d\u043b\u0435\u043c\u0435\u043d\u0442\u044b.<\/p><p>\u041d\u043e \u0432\u0441\u0435 \u0442\u0430\u043a\u0438, \u043e\u0441\u043d\u043e\u0432\u043d\u044b\u043c\u0438 \u0444\u0430\u043a\u0442\u043e\u0440\u0430\u043c\u0438 \u0432\u043b\u0438\u044f\u044e\u0449\u0438\u043c\u0438 \u043d\u0430 \u0440\u0430\u0441\u0442\u0430\u0441\u043a\u0438\u0432\u0430\u043d\u0438\u0435, \u043e\u0441\u0442\u0430\u0435\u0442\u0441\u044f \u0441\u0430\u043c \u043f\u0440\u043e\u0446\u0435\u0441\u0441 \u043f\u0435\u0447\u0430\u0442\u0438:<br \/>\u0412 \u044d\u0442\u043e\u0442 \u043c\u043e\u043c\u0435\u043d\u0442 \u0432\u043e\u0437\u043d\u0438\u043a\u0430\u0435\u0442 \u043c\u0435\u0445\u0430\u043d\u0438\u0447\u0435\u0441\u043a\u043e\u0435 \u0440\u0430\u0441\u0442\u0438\u0441\u043a\u0438\u0432\u0430\u043d\u0438\u0435, \u043e\u0431\u0443\u0441\u043b\u043e\u0432\u043b\u0435\u043d\u043d\u043e\u0435 \u043c\u0435\u0445\u0430\u043d\u0438\u0447\u0435\u0441\u043a\u0438\u043c \u0432\u043e\u0437\u0434\u0435\u0439\u0441\u0442\u0432\u0438\u0435\u043c \u043d\u0430 \u043a\u0440\u0430\u0441\u043e\u0447\u043d\u044b\u0439 \u0441\u043b\u043e\u0439. \u0412\u043e-\u043f\u0435\u0440\u0432\u044b\u0445, \u043a\u0440\u0430\u0441\u043a\u0430 \u0438 \u0443\u0432\u043b\u0430\u0436\u043d\u044f\u044e\u0449\u0438\u0439 \u0440\u0430\u0441\u0442\u0432\u043e\u0440 \u0442\u0440\u0430\u0434\u0438\u0446\u0438\u043e\u043d\u043d\u043e\u0433\u043e \u043e\u0444\u0441\u0435\u0442\u0430 \u043f\u0440\u0435\u0434\u0441\u0442\u0430\u0432\u043b\u044f\u044e\u0442 \u0441\u043e\u0431\u043e\u0439 \u0436\u0438\u0434\u043a\u043e\u0441\u0442\u0438, \u043e\u0431\u043b\u0430\u0434\u0430\u044e\u0449\u0438\u0435 \u043f\u043e\u0432\u0435\u0440\u0445\u043d\u043e\u0441\u0442\u043d\u044b\u043c \u043d\u0430\u0442\u044f\u0436\u0435\u043d\u0438\u0435\u043c, \u0447\u0442\u043e \u0432\u0435\u0434\u0451\u0442 \u043a \u0443\u0432\u0435\u043b\u0438\u0447\u0435\u043d\u0438\u044e \u043f\u043b\u043e\u0449\u0430\u0434\u0438, \u0437\u0430\u043d\u0438\u043c\u0430\u0435\u043c\u043e\u0439 \u043a\u0440\u0430\u0441\u043a\u043e\u0439, \u043f\u043e \u0441\u0440\u0430\u0432\u043d\u0435\u043d\u0438\u044e \u0441 \u043f\u0435\u0447\u0430\u0442\u043d\u044b\u043c \u044d\u043b\u0435\u043c\u0435\u043d\u0442\u043e\u043c \u043d\u0430 \u0444\u043e\u0440\u043c\u0435.<\/p><p>\u0418 \u0437\u043d\u0430\u0447\u0438\u0442\u0435\u043b\u044c\u043d\u043e\u0435 \u0432\u043b\u0438\u044f\u043d\u0438\u0435 \u043e\u043a\u0430\u0437\u044b\u0432\u0430\u0435\u0442 \u0434\u0430\u0432\u043b\u0435\u043d\u0438\u0435. \u0412 \u043e\u0444\u0441\u0435\u0442\u043d\u043e\u0439 \u043f\u0435\u0447\u0430\u0442\u043d\u043e\u0439 \u043c\u0430\u0448\u0438\u043d\u0435 \u043a\u0440\u0430\u0441\u043a\u0430 \u043f\u0435\u0440\u0435\u043d\u043e\u0441\u0438\u0442\u0441\u044f \u0441\u043f\u0435\u0440\u0432\u0430 \u0441 \u0444\u043e\u0440\u043c\u044b \u043d\u0430 \u043e\u0444\u0441\u0435\u0442\u043d\u043e\u0435 \u043f\u043e\u043b\u043e\u0442\u043d\u043e \u0438 \u0442\u043e\u043b\u044c\u043a\u043e \u0437\u0430\u0442\u0435\u043c \u0441 \u043e\u0444\u0441\u0435\u0442\u043d\u043e\u0433\u043e \u043f\u043e\u043b\u043e\u0442\u043d\u0430 \u043d\u0430 \u0431\u0443\u043c\u0430\u0433\u0443. \u0412 \u043a\u0430\u0436\u0434\u043e\u0439 \u043f\u0430\u0440\u0435 \u0444\u043e\u0440\u043c\u043d\u044b\u0439 \u0446\u0438\u043b\u0438\u043d\u0434\u0440 &#8212; \u043e\u0444\u0441\u0435\u0442\u043d\u044b\u0439 \u0446\u0438\u043b\u0438\u043d\u0434\u0440 \u0438 \u043e\u0444\u0441\u0435\u0442\u043d\u044b\u0439 \u0446\u0438\u043b\u0438\u043d\u0434\u0440 &#8212; \u043f\u0435\u0447\u0430\u0442\u043d\u044b\u0439 \u0446\u0438\u043b\u0438\u043d\u0434\u0440 \u0432 \u0440\u0430\u0431\u043e\u0447\u0435\u043c \u0440\u0435\u0436\u0438\u043c\u0435 \u043f\u0435\u0447\u0430\u0442\u043d\u043e\u0439 \u043c\u0430\u0448\u0438\u043d\u044b \u043e\u0431\u0435\u0441\u043f\u0435\u0447\u0438\u0432\u0430\u0435\u0442\u0441\u044f \u0434\u0430\u0432\u043b\u0435\u043d\u0438\u0435, \u043a\u043e\u0442\u043e\u0440\u043e\u0435 \u0438 \u0434\u0435\u043b\u0430\u0435\u0442 \u0432\u043e\u0437\u043c\u043e\u0436\u043d\u044b\u043c \u043f\u0440\u043e\u0446\u0435\u0441\u0441 \u043f\u0435\u0440\u0435\u043d\u043e\u0441\u0430 \u043a\u0440\u0430\u0441\u043a\u0438. \u041e\u0434\u043d\u0430\u043a\u043e \u043f\u043e\u0441\u043a\u043e\u043b\u044c\u043a\u0443 \u0442\u043e\u043b\u0449\u0438\u043d\u0430 \u043a\u0440\u0430\u0441\u043e\u0447\u043d\u043e\u0433\u043e \u0441\u043b\u043e\u044f \u0445\u043e\u0442\u044c \u0438 \u043c\u0430\u043b\u0430, \u043d\u043e \u043d\u0435 \u043d\u0443\u043b\u0435\u0432\u0430\u044f, \u0432 \u043c\u0435\u0441\u0442\u0430\u0445 \u0441\u043e\u043f\u0440\u0438\u043a\u043e\u0441\u043d\u043e\u0432\u0435\u043d\u0438\u044f \u043f\u0440\u043e\u0438\u0441\u0445\u043e\u0434\u0438\u0442 \u0440\u0430\u0437\u0434\u0430\u0432\u043b\u0438\u0432\u0430\u043d\u0438\u0435 \u043a\u0440\u0430\u0441\u043a\u0438, \u043f\u0440\u0435\u0434\u043d\u0430\u0437\u043d\u0430\u0447\u0435\u043d\u043d\u043e\u0439 \u0434\u043b\u044f \u043e\u043f\u0440\u0435\u0434\u0435\u043b\u0451\u043d\u043d\u043e\u0439 \u0440\u0430\u0441\u0442\u0440\u043e\u0432\u043e\u0439 \u0442\u043e\u0447\u043a\u0438. \u0412 \u0440\u0435\u0437\u0443\u043b\u044c\u0442\u0430\u0442\u0435 \u044d\u0442\u043e\u0433\u043e \u043f\u043b\u043e\u0449\u0430\u0434\u044c \u043f\u044f\u0442\u043d\u0430 \u043a\u0440\u0430\u0441\u043a\u0438 \u043d\u0430 \u043e\u0442\u0442\u0438\u0441\u043a\u0435 \u0431\u0443\u0434\u0435\u0442 \u0431\u043e\u043b\u044c\u0448\u0435 \u0440\u0430\u0437\u043c\u0435\u0440\u0430 \u043f\u0435\u0447\u0430\u0442\u043d\u043e\u0433\u043e \u044d\u043b\u0435\u043c\u0435\u043d\u0442\u0430 \u043d\u0430 \u0444\u043e\u0440\u043c\u0435.<\/p><p>\u0412\u0441\u0435 \u044d\u0442\u043e \u0443\u0441\u0443\u0433\u0443\u0431\u043b\u044f\u0435\u0442 \u0442\u0430 \u0438\u043b\u0438 \u0438\u043d\u0430\u044f \u043d\u0435\u0438\u0441\u043f\u0440\u0430\u0432\u043d\u043e\u0441\u0442\u044c, \u0438\u0437\u043d\u043e\u0441 \u0434\u0435\u0442\u0430\u043b\u0435\u0439 \u043f\u0435\u0447\u0430\u0442\u043d\u043e\u0439 \u043c\u0430\u0448\u0438\u043d\u044b.<\/p><p>\u0421\u043e\u0432\u0440\u0435\u043c\u0435\u043d\u043d\u044b\u0435 \u0442\u0435\u0445\u043d\u043e\u043b\u043e\u0433\u0438\u0438, \u043f\u043e\u0437\u0432\u043e\u043b\u044f\u044e\u0442 \u043f\u043e\u0437\u0430\u0431\u043e\u0442\u0438\u0442\u0441\u044f \u043e\u0431 \u043a\u043e\u0440\u0440\u0435\u043a\u0446\u0438\u0438 \u0440\u0430\u0441\u0442\u0438\u0441\u043a\u0438\u0432\u0430\u043d\u0438\u044f, \u0435\u0449\u0435 \u043d\u0430 \u044d\u0442\u0430\u043f\u0435 \u0438\u0437\u0433\u043e\u0442\u043e\u0432\u043b\u0435\u043d\u0438\u044f \u0444\u043e\u0440\u043c.\u00a0\u00a0 \u041c\u044b \u043c\u043e\u0436\u0435\u043c, \u043f\u0440\u0435\u0434\u0432\u0430\u0440\u0438\u0442\u0435\u043b\u044c\u043d\u043e \u0438\u0437\u043c\u0435\u0440\u0438\u0432, \u0432\u0430\u0448\u0435 \u0442\u0435\u043a\u0443\u0449\u0435\u0435 \u0440\u0430\u0441\u0442\u0438\u0441\u043a\u0438\u0432\u0430\u043d\u0438\u0435 \u043f\u043e \u043a\u0430\u0436\u0434\u043e\u0439 \u0441\u0435\u043f\u0430\u0440\u0430\u0446\u0438\u0438, \u0441\u043e\u0441\u0442\u0430\u0432\u0438\u0442\u044c \u043a\u0440\u0438\u0432\u0443\u044e, \u043a\u043e\u0442\u043e\u0440\u0430\u044f \u0431\u0443\u0434\u0435\u0442 \u043a\u043e\u043c\u043f\u0435\u043d\u0441\u0438\u0440\u043e\u0432\u0430\u0442\u044c \u043f\u0440\u043e\u0446\u0435\u043d\u0442 \u0440\u0430\u0441\u0442\u0440\u0430 \u043d\u0430 \u0432\u044b\u0445\u043e\u0434\u0435 \u043f\u0440\u0438 \u0437\u0430\u0441\u0432\u0435\u0442\u043a\u0438 \u0444\u043e\u0440\u043c\u044b. \u0422.\u0435. \u043c\u044b \u0443\u043c\u0435\u043d\u044c\u0448\u0438\u043c \u043f\u0440\u043e\u0446\u0435\u043d\u0442\u044b \u0440\u0430\u0441\u0442\u0440\u0430 \u043d\u0430 \u043f\u043b\u0430\u0441\u0442\u0438\u043d\u0435 \u0441 \u0443\u0447\u0435\u0442\u043e\u043c \u0442\u0435\u043a\u0443\u0449\u0435\u0433\u043e \u0432\u0430\u0448\u0435\u0433\u043e \u0440\u0430\u0441\u0442\u0438\u0441\u043a\u0438\u0432\u0430\u043d\u0438\u044f, \u0447\u0442\u043e\u0431\u044b \u043d\u0430 \u0431\u0443\u043c\u0430\u0433\u0435 \u0432\u044b \u043f\u043e\u043b\u0443\u0447\u0430\u043b\u0438 \u043a\u0430\u0440\u0442\u0438\u043d\u043a\u0443 \u0441\u043e\u043e\u0442\u0432\u0435\u0442\u0441\u0442\u0432\u0443\u044e\u0449\u0443\u044e \u0437\u0430\u044f\u0432\u043b\u0435\u043d\u043d\u044b\u043c \u043e\u0442\u0442\u0435\u043d\u043a\u0430\u043c, \u0430 \u043d\u0435 \u043f\u0435\u0440\u0435\u0434\u0430\u0432\u043b\u0435\u043d\u043d\u044b\u0439 \u043e\u0442\u0442\u0438\u0441\u043a. \u0423\u0432\u0435\u043b\u0438\u0447\u0438\u0442\u044c \u0440\u0430\u0441\u0442\u0438\u0441\u043a\u0438\u0432\u0430\u043d\u0438\u0435 \u043d\u0430 \u043f\u0435\u0447\u0430\u0442\u043d\u043e\u0439 \u043c\u0430\u0448\u0438\u043d\u0435 \u043d\u0435 \u0441\u043b\u043e\u0436\u043d\u043e \u043c\u0435\u0445\u0430\u043d\u0438\u0447\u0435\u0441\u043a\u0438\u043c \u0441\u043f\u043e\u0441\u043e\u0431\u043e\u043c, \u0430 \u0432\u043e\u0442 \u0443\u043c\u0435\u043d\u044c\u0448\u0438\u0442\u044c \u043d\u0435 \u0442\u0430\u043a \u043f\u0440\u043e\u0441\u0442\u043e. \u041f\u043e\u044d\u0442\u043e\u043c\u0443 \u0440\u0435\u0448\u0430\u0442\u044c \u044d\u0442\u043e \u043d\u0443\u0436\u043d\u043e \u0435\u0449\u0435 \u043d\u0430 \u044d\u0442\u0430\u043f\u0435 \u0438\u0437\u0433\u043e\u0442\u043e\u0432\u043b\u0435\u043d\u0438\u044f \u0421\u0422\u0420 \u043f\u043b\u0430\u0441\u0442\u0438\u043d.<\/p><p>\u041c\u044b \u043c\u043e\u0436\u0435\u043c \u0432\u0430\u043c \u0432 \u044d\u0442\u043e\u043c \u043f\u043e\u043c\u043e\u0447\u044c.<\/p><p>\u0418 \u043d\u0435\u043c\u043d\u043e\u0433\u043e \u0442\u0435\u043e\u0440\u0438\u0438:<br \/><a href=\"https:\/\/www.orgprint.com\/wiki\/ofsetnaja-pechat\/rastiskivanie-rastrovyh-tochek\">https:\/\/www.orgprint.com\/wiki\/ofsetnaja-pechat\/rastiskivanie-rastrovyh-tochek<\/a><\/p><p>\u0420\u0430\u0441\u0442\u0438\u0441\u043a\u0438\u0432\u0430\u043d\u0438\u0435 \u0440\u0430\u0441\u0442\u0440\u043e\u0432\u044b\u0445 \u0442\u043e\u0447\u0435\u043a: \u0432\u043e\u0437\u043c\u043e\u0436\u043d\u044b\u0435 \u043f\u0440\u0438\u0447\u0438\u043d\u044b \u0438 \u043f\u0443\u0442\u0438 \u043a\u043e\u0440\u0440\u0435\u043a\u0442\u0438\u0440\u043e\u0432\u043a\u0438<br \/><a href=\"https:\/\/www.publish.ru\/articles\/201307_20013077\">https:\/\/www.publish.ru\/articles\/201307_20013077<\/a><br \/><a href=\"https:\/\/studopedia.su\/4_11195_rastiskivanie.html\">https:\/\/studopedia.su\/4_11195_rastiskivanie.html<\/a><\/p><p>\u0420\u0430\u0441\u0442\u0438\u0441\u043a\u0438\u0432\u0430\u043d\u0438\u0435<br \/><a href=\"https:\/\/advesti.ru\/publish\/poligraf\/control_rastiskavaniya\">https:\/\/advesti.ru\/publish\/poligraf\/control_rastiskavaniya<\/a><\/p><p>\u041a\u043e\u043d\u0442\u0440\u043e\u043b\u044c \u0440\u0430\u0441\u0442\u0438\u0441\u043a\u0438\u0432\u0430\u043d\u0438\u044f. \u041d\u0430\u0448\u0438 \u0440\u0435\u043a\u043e\u043c\u0435\u043d\u0434\u0430\u0446\u0438\u0438<\/p>\t\t\t\t\t\t\t\t<\/div>\n\t\t\t\t<\/div>\n\t\t\t\t\t<\/div>\n\t\t<\/div>\n\t\t\t\t\t<\/div>\n\t\t<\/section>\n\t\t\t\t<\/div>\n\t\t","protected":false},"excerpt":{"rendered":"<p>\u00d0\u0178\u00d1\u20ac\u00d0\u00b5\u00d0\u00b4\u00d0\u00be\u00d1\u0081\u00d1\u201a\u00d0\u00b0\u00d0\u00b2\u00d0\u00bb\u00d1\u008f\u00d0\u00b5\u00d0\u00bc \u00d1\u0192\u00d1\u0081\u00d0\u00bb\u00d1\u0192\u00d0\u00b3\u00d0\u00b8 \u00d0\u00b2\u00d1\u2039\u00d0\u00b2\u00d0\u00be\u00d0\u00b4\u00d0\u00b0 \u00d1\u201a\u00d0\u00b5\u00d1\u20ac\u00d0\u00bc\u00d0\u00b0\u00d0\u00bb\u00d1\u0152\u00d0\u00bd\u00d1\u2039\u00d1\u2026 \u00d0\u00a1\u00d0\u00a2\u00d0\u00a0 \u00d0\u00bf\u00d0\u00bb\u00d0\u00b0\u00d1\u0081\u00d1\u201a\u00d0\u00b8\u00d0\u00bd \u00d0\u00b2 \u00d0\u0090\u00d0\u00bb\u00d0\u00bc\u00d0\u00b0\u00d1\u201a\u00d1\u2039 \u00d0\u2019\u00d1\u2039\u00d0\u00b2\u00d0\u00be\u00d0\u00b4 \u00d0\u00bf\u00d0\u00bb\u00d0\u00b5\u00d0\u00bd\u00d0\u00ba\u00d0\u00b0 Agfa \u00d0\u00be\u00d1\u201a \u00d0\u00904 \u00d0\u00b4\u00d0\u00be B2 \u00d0\u0161\u00d0\u00be\u00d0\u00bc\u00d0\u00bf\u00d0\u00b5\u00d0\u00bd\u00d1\u0081\u00d0\u00b0\u00d1\u2020\u00d0\u00b8\u00d1\u008f \u00d1\u20ac\u00d0\u00b0\u00d1\u0081\u00d1\u201a\u00d0\u00b8\u00d1\u0081\u00d0\u00ba\u00d0\u00b8\u00d0\u00b2\u00d0\u00b0\u00d0\u00bd\u00d0\u00b8\u00d1\u008f \u00d0\u2019\u00d0\u00be\u00d0\u00bf\u00d1\u20ac\u00d0\u00be\u00d1\u0081 \u00d1\u20ac\u00d0\u00b0\u00d1\u0081\u00d1\u201a\u00d0\u00b8\u00d1\u0081\u00d0\u00ba\u00d0\u00b8\u00d0\u00b2\u00d0\u00b0\u00d0\u00bd\u00d0\u00b8\u00d1\u008f \u00d0\u00b2\u00d1\u0081\u00d0\u00b5\u00d0\u00b3\u00d0\u00b4\u00d0\u00b0 [&hellip;]<\/p>\n","protected":false},"author":1,"featured_media":0,"parent":0,"menu_order":0,"comment_status":"closed","ping_status":"closed","template":"","meta":{"site-sidebar-layout":"no-sidebar","site-content-layout":"page-builder","ast-site-content-layout":"default","site-content-style":"default","site-sidebar-style":"default","ast-global-header-display":"","ast-banner-title-visibility":"","ast-main-header-display":"","ast-hfb-above-header-display":"","ast-hfb-below-header-display":"","ast-hfb-mobile-header-display":"","site-post-title":"disabled","ast-breadcrumbs-content":"","ast-featured-img":"disabled","footer-sml-layout":"","ast-disable-related-posts":"","theme-transparent-header-meta":"","adv-header-id-meta":"","stick-header-meta":"","header-above-stick-meta":"","header-main-stick-meta":"","header-below-stick-meta":"","astra-migrate-meta-layouts":"default","ast-page-background-enabled":"default","ast-page-background-meta":{"desktop":{"background-color":"var(--ast-global-color-5)","background-image":"","background-repeat":"repeat","background-position":"center center","background-size":"auto","background-attachment":"scroll","background-type":"","background-media":"","overlay-type":"","overlay-color":"","overlay-opacity":"","overlay-gradient":""},"tablet":{"background-color":"","background-image":"","background-repeat":"repeat","background-position":"center center","background-size":"auto","background-attachment":"scroll","background-type":"","background-media":"","overlay-type":"","overlay-color":"","overlay-opacity":"","overlay-gradient":""},"mobile":{"background-color":"","background-image":"","background-repeat":"repeat","background-position":"center center","background-size":"auto","background-attachment":"scroll","background-type":"","background-media":"","overlay-type":"","overlay-color":"","overlay-opacity":"","overlay-gradient":""}},"ast-content-background-meta":{"desktop":{"background-color":"var(--ast-global-color-4)","background-image":"","background-repeat":"repeat","background-position":"center center","background-size":"auto","background-attachment":"scroll","background-type":"","background-media":"","overlay-type":"","overlay-color":"","overlay-opacity":"","overlay-gradient":""},"tablet":{"background-color":"var(--ast-global-color-4)","background-image":"","background-repeat":"repeat","background-position":"center center","background-size":"auto","background-attachment":"scroll","background-type":"","background-media":"","overlay-type":"","overlay-color":"","overlay-opacity":"","overlay-gradient":""},"mobile":{"background-color":"var(--ast-global-color-4)","background-image":"","background-repeat":"repeat","background-position":"center center","background-size":"auto","background-attachment":"scroll","background-type":"","background-media":"","overlay-type":"","overlay-color":"","overlay-opacity":"","overlay-gradient":""}},"footnotes":""},"class_list":["post-921","page","type-page","status-publish","hentry"],"_links":{"self":[{"href":"https:\/\/reprocenter.kz\/index.php?rest_route=\/wp\/v2\/pages\/921","targetHints":{"allow":["GET"]}}],"collection":[{"href":"https:\/\/reprocenter.kz\/index.php?rest_route=\/wp\/v2\/pages"}],"about":[{"href":"https:\/\/reprocenter.kz\/index.php?rest_route=\/wp\/v2\/types\/page"}],"author":[{"embeddable":true,"href":"https:\/\/reprocenter.kz\/index.php?rest_route=\/wp\/v2\/users\/1"}],"replies":[{"embeddable":true,"href":"https:\/\/reprocenter.kz\/index.php?rest_route=%2Fwp%2Fv2%2Fcomments&post=921"}],"version-history":[{"count":12,"href":"https:\/\/reprocenter.kz\/index.php?rest_route=\/wp\/v2\/pages\/921\/revisions"}],"predecessor-version":[{"id":1124,"href":"https:\/\/reprocenter.kz\/index.php?rest_route=\/wp\/v2\/pages\/921\/revisions\/1124"}],"wp:attachment":[{"href":"https:\/\/reprocenter.kz\/index.php?rest_route=%2Fwp%2Fv2%2Fmedia&parent=921"}],"curies":[{"name":"wp","href":"https:\/\/api.w.org\/{rel}","templated":true}]}}